{"id":3547,"date":"2025-12-05T07:02:14","date_gmt":"2025-12-05T07:02:14","guid":{"rendered":"https:\/\/va-acoustics.com\/?post_type=product&#038;p=3547"},"modified":"2025-12-05T07:09:58","modified_gmt":"2025-12-05T07:09:58","slug":"15sw100-8bp-altavoz-de-graves-y-medios","status":"publish","type":"product","link":"https:\/\/va-acoustics.com\/es\/producto\/15sw100-8bp-altavoz-de-graves-y-medios\/","title":{"rendered":"15SW100-8BP TRANSDUCTOR DE GRAVES\/MEDIOS"},"content":{"rendered":"<h4>NOTAS:<\/h4>\n<p>1\u3001Dos horas de prueba seg\u00fan AES 2-1984 Rev. 2003. Potencia calculada sobre la impedancia m\u00ednima nominal.<\/p>\n<p>2\u3001La potencia m\u00e1xima se define como 3 dB superior a la potencia nominal.<\/p>\n<p>3\u3001La tensi\u00f3n RMS aplicada est\u00e1 ajustada a 2,83 V para una impedancia nominal de 8 ohmios.<\/p>\n<p>4\u3001Xmax= [(profundidad del bobinado - profundidad del hueco magn\u00e9tico)\/2] + (profundidad del hueco magn\u00e9tico\/3).<\/p>\n<p>5\u3001Thiele-Small par\u00e1metros se miden despu\u00e9s de una prueba de preacondicionamiento.<\/p>\n<p>6\u3001Prueba de potencia realizada con se\u00f1al continua de ruido rosa dentro de la gama de frecuencias.<\/p>","protected":false},"excerpt":{"rendered":"<h4>CARACTER\u00cdSTICAS PRINCIPALES:<\/h4>\n<ul>\n<li>Sensibilidad de 99 dB 1 W\/1 m<\/li>\n<li>500 W de potencia AES<\/li>\n<li>Respuesta en frecuencia de 48 Hz a 2,5 kHz<\/li>\n<li>Bobina m\u00f3vil de cobre de 75,55 mm (3,0 pulgadas)<\/li>\n<li>Anillo demodulador de aluminio para una menor distorsi\u00f3n<\/li>\n<li>Separaci\u00f3n ventilada de la bobina m\u00f3vil para reducir la compresi\u00f3n de potencia<\/li>\n<li>Chasis de aluminio fundido de alta resistencia para una mayor rigidez<\/li>\n<li>Adecuado para sistemas bidireccionales compactos<\/li>\n<\/ul>","protected":false},"featured_media":3550,"comment_status":"open","ping_status":"closed","template":"","meta":{"_acf_changed":false},"product_brand":[70],"product_cat":[69],"product_tag":[],"class_list":{"0":"post-3547","1":"product","2":"type-product","3":"status-publish","4":"has-post-thumbnail","6":"product_brand-vivid-acoustics","7":"product_cat-lf-drivers","8":"product_shipping_class-shipping-within-3-days","10":"first","11":"instock","12":"featured","13":"shipping-taxable","14":"purchasable","15":"product-type-simple"},"acf":[],"_links":{"self":[{"href":"https:\/\/va-acoustics.com\/es\/wp-json\/wp\/v2\/product\/3547","targetHints":{"allow":["GET"]}}],"collection":[{"href":"https:\/\/va-acoustics.com\/es\/wp-json\/wp\/v2\/product"}],"about":[{"href":"https:\/\/va-acoustics.com\/es\/wp-json\/wp\/v2\/types\/product"}],"replies":[{"embeddable":true,"href":"https:\/\/va-acoustics.com\/es\/wp-json\/wp\/v2\/comments?post=3547"}],"wp:featuredmedia":[{"embeddable":true,"href":"https:\/\/va-acoustics.com\/es\/wp-json\/wp\/v2\/media\/3550"}],"wp:attachment":[{"href":"https:\/\/va-acoustics.com\/es\/wp-json\/wp\/v2\/media?parent=3547"}],"wp:term":[{"taxonomy":"product_brand","embeddable":true,"href":"https:\/\/va-acoustics.com\/es\/wp-json\/wp\/v2\/product_brand?post=3547"},{"taxonomy":"product_cat","embeddable":true,"href":"https:\/\/va-acoustics.com\/es\/wp-json\/wp\/v2\/product_cat?post=3547"},{"taxonomy":"product_tag","embeddable":true,"href":"https:\/\/va-acoustics.com\/es\/wp-json\/wp\/v2\/product_tag?post=3547"}],"curies":[{"name":"wp","href":"https:\/\/api.w.org\/{rel}","templated":true}]}}