{"id":1351,"date":"2024-12-11T07:39:27","date_gmt":"2024-12-11T07:39:27","guid":{"rendered":"https:\/\/klbtheme.com\/fynode\/?page_id=1351"},"modified":"2025-11-06T12:04:45","modified_gmt":"2025-11-06T12:04:45","slug":"acerca-de-nosotros","status":"publish","type":"page","link":"https:\/\/va-acoustics.com\/es\/acerca-de-nosotros\/","title":{"rendered":"Qui\u00e9nes somos"},"content":{"rendered":"<div data-elementor-type=\"wp-page\" data-elementor-id=\"1351\" class=\"elementor elementor-1351\">\n\t\t\t\t<div class=\"elementor-element elementor-element-29f5bd3 e-con-full e-flex e-con e-parent\" data-id=\"29f5bd3\" data-element_type=\"container\" data-settings=\"{&quot;background_background&quot;:&quot;classic&quot;}\">\n\t\t\t\t<div class=\"elementor-element elementor-element-0f9079b va_image_banner elementor-widget elementor-widget-fynode-page-banner\" data-id=\"0f9079b\" data-element_type=\"widget\" data-widget_type=\"fynode-page-banner.default\">\n\t\t\t\t<div class=\"elementor-widget-container\">\n\t\t\t\t\t<div class=\"site-page-header klb-page-banner style-1\"><div class=\"container\"><div class=\"site-page-header-inner\"><h1 class=\"entry-title\">Qui\u00e9nes somos<\/h1><div class=\"entry-description\"><p>Precisi\u00f3n en cada decibelio, rendimiento en cada dise\u00f1o<\/p><\/div><!-- New Arrival --><\/div><!-- site-page-header-inner --><\/div><!-- container --><\/div><!-- site-page-header -->\t\t\t\t<\/div>\n\t\t\t\t<\/div>\n\t\t\t\t<\/div>\n\t\t<div class=\"elementor-element elementor-element-93c63cd e-flex e-con-boxed e-con e-parent\" data-id=\"93c63cd\" data-element_type=\"container\">\n\t\t\t\t\t<div class=\"e-con-inner\">\n\t\t<div class=\"elementor-element elementor-element-800720f e-con-full e-flex e-con e-child\" data-id=\"800720f\" data-element_type=\"container\">\n\t\t\t\t<div class=\"elementor-element elementor-element-c2bfced elementor-widget elementor-widget-heading\" data-id=\"c2bfced\" data-element_type=\"widget\" data-widget_type=\"heading.default\">\n\t\t\t\t<div class=\"elementor-widget-container\">\n\t\t\t\t\t<p class=\"elementor-heading-title elementor-size-default\">En Vivid Acoustics, el sonido siempre empieza por la precisi\u00f3n. Con sede en Dongguan (China), estamos especializados en la investigaci\u00f3n, el dise\u00f1o y la fabricaci\u00f3n de transductores de alta frecuencia (HF) y baja frecuencia (LF) para sistemas profesionales. Estos productos constituyen la base de una reproducci\u00f3n de sonido fiable y de alta fidelidad para su uso en monitores de estudio, salas de espect\u00e1culos, sistemas de giras, etc.<\/p>\t\t\t\t<\/div>\n\t\t\t\t<\/div>\n\t\t\t\t<div class=\"elementor-element elementor-element-3970498 elementor-widget elementor-widget-heading\" data-id=\"3970498\" data-element_type=\"widget\" data-widget_type=\"heading.default\">\n\t\t\t\t<div class=\"elementor-widget-container\">\n\t\t\t\t\t<h2 class=\"elementor-heading-title elementor-size-default\">Dos d\u00e9cadas de precisi\u00f3n y potencia de ingenier\u00eda<\/h2>\t\t\t\t<\/div>\n\t\t\t\t<\/div>\n\t\t\t\t<div class=\"elementor-element elementor-element-c7847db elementor-widget elementor-widget-heading\" data-id=\"c7847db\" data-element_type=\"widget\" data-widget_type=\"heading.default\">\n\t\t\t\t<div class=\"elementor-widget-container\">\n\t\t\t\t\t<p class=\"elementor-heading-title elementor-size-default\">Con m\u00e1s de 2 d\u00e9cadas de experiencia en ingenier\u00eda de transductores y una avanzada tecnolog\u00eda de simulaci\u00f3n y pruebas, cada transductor se fabrica para estar a la altura de las exigencias profesionales en t\u00e9rminos de control, precisi\u00f3n y resistencia. <\/p>\t\t\t\t<\/div>\n\t\t\t\t<\/div>\n\t\t\t\t<\/div>\n\t\t\t\t\t<\/div>\n\t\t\t\t<\/div>\n\t\t<div class=\"elementor-element elementor-element-93bcb54 e-flex e-con-boxed e-con e-parent\" data-id=\"93bcb54\" data-element_type=\"container\" data-settings=\"{&quot;background_background&quot;:&quot;classic&quot;}\">\n\t\t\t\t\t<div class=\"e-con-inner\">\n\t\t<div class=\"elementor-element elementor-element-0afd978 e-con-full e-flex e-con e-child\" data-id=\"0afd978\" data-element_type=\"container\">\n\t\t\t\t<div class=\"elementor-element elementor-element-2e95a53 elementor-widget elementor-widget-image\" data-id=\"2e95a53\" data-element_type=\"widget\" data-widget_type=\"image.default\">\n\t\t\t\t<div class=\"elementor-widget-container\">\n\t\t\t\t\t\t\t\t\t\t\t\t\t\t\t<img decoding=\"async\" src=\"https:\/\/va-acoustics.com\/wp-content\/uploads\/elementor\/thumbs\/about-us-img-reb0lvpufl57dtjbp74qoafu4jnd53qken08xczdmw.jpg\" title=\"acerca de nosotros-img\" alt=\"acerca de nosotros-img\" loading=\"lazy\" \/>\t\t\t\t\t\t\t\t\t\t\t\t\t\t\t<\/div>\n\t\t\t\t<\/div>\n\t\t\t\t<\/div>\n\t\t<div class=\"elementor-element elementor-element-94c8b81 e-con-full e-flex e-con e-child\" data-id=\"94c8b81\" data-element_type=\"container\">\n\t\t\t\t<div class=\"elementor-element elementor-element-aee426e elementor-widget elementor-widget-text-editor\" data-id=\"aee426e\" data-element_type=\"widget\" data-widget_type=\"text-editor.default\">\n\t\t\t\t<div class=\"elementor-widget-container\">\n\t\t\t\t\t\t\t\t\t<p>Nuestro equipo siempre ha cre\u00eddo que el dise\u00f1o de un transductor de audio excepcional es ciencia y artesan\u00eda. Con el uso de herramientas de vanguardia como FINEMotor, FEMM, Klippel, Comsol, etc., el equipo de expertos simula los campos magn\u00e9ticos, el rendimiento ac\u00fastico y el movimiento del diafragma antes de construir cada prototipo.<\/p><p>Los transductores de compresi\u00f3n de AF est\u00e1n dise\u00f1ados para ofrecer una respuesta de frecuencia suave con una alta sensibilidad y una distorsi\u00f3n extremadamente baja. Con el uso de diafragmas de pol\u00edmero y titanio, se consigue una reproducci\u00f3n de transitorios n\u00edtida junto con agudos articulados, mientras que la estructura de tap\u00f3n de fase altamente optimizada garantiza la claridad en todos los niveles.<\/p><p>Dise\u00f1ados para ofrecer la m\u00e1xima estabilidad, los transductores de compresi\u00f3n LF incorporan una avanzada tecnolog\u00eda de bobina m\u00f3vil con sistemas de suspensi\u00f3n duraderos y conos reforzados. Nuestro equipo de ingenieros experimentados y cualificados garantiza que todos los componentes est\u00e9n ajustados a la perfecci\u00f3n para ofrecer una reproducci\u00f3n de graves de gran precisi\u00f3n y mantener una linealidad constante en funcionamiento continuo.<\/p><h3><strong>Tecnolog\u00eda, pruebas y control de calidad<\/strong><\/h3><p>Los sistemas de montaje de alta precisi\u00f3n y los dispensadores robotizados constituyen nuestras avanzadas l\u00edneas de producci\u00f3n automatizadas en las instalaciones de 2500 metros cuadrados. La trazabilidad y la fiabilidad est\u00e1n garantizadas en toda nuestra l\u00ednea de producci\u00f3n, ya que operamos bajo el sistema de gesti\u00f3n de calidad ISO 9001:2015.<\/p><p>Las pruebas exhaustivas de cada controlador de HF y LF abarcan el examen adecuado de todo, desde la impedancia hasta las comprobaciones de sensibilidad, la respuesta en frecuencia y el an\u00e1lisis de distorsi\u00f3n. El equipo conf\u00eda en los analizadores Klipper y Clio para asegurarse de que cada producto cumple los objetivos antes de ser entregado al cliente.<\/p><p>La producci\u00f3n con cero defectos que siempre ha sido nuestro estilo de trabajo es el resultado del enfoque inquebrantable en la repetibilidad y la integridad de las mediciones. Con esta mezcla definitiva de compromiso y tecnolog\u00eda, estamos orgullosos de suministrar anualmente alrededor de 240.000 woofers y 96.000 drivers de compresi\u00f3n y altavoces coaxiales a nuestros valiosos clientes OEM nacionales e internacionales.<\/p>\t\t\t\t\t\t\t\t<\/div>\n\t\t\t\t<\/div>\n\t\t\t\t<\/div>\n\t\t\t\t\t<\/div>\n\t\t\t\t<\/div>\n\t\t<div class=\"elementor-element elementor-element-dde916a e-flex e-con-boxed e-con e-parent\" data-id=\"dde916a\" data-element_type=\"container\">\n\t\t\t\t\t<div class=\"e-con-inner\">\n\t\t<div class=\"elementor-element elementor-element-ef8f742 e-con-full e-flex e-con e-child\" data-id=\"ef8f742\" data-element_type=\"container\">\n\t\t\t\t<div class=\"elementor-element elementor-element-5719996 elementor-widget elementor-widget-text-editor\" data-id=\"5719996\" data-element_type=\"widget\" data-widget_type=\"text-editor.default\">\n\t\t\t\t<div class=\"elementor-widget-container\">\n\t\t\t\t\t\t\t\t\t<h3><strong>La innovaci\u00f3n en el centro<\/strong><\/h3><p>La inversi\u00f3n continua en I+D garantiza que nuestro equipo siempre avance en el arte de la transducci\u00f3n del sonido. El equipo de Vivid Acoustics posee m\u00faltiples patentes en el campo del dise\u00f1o de diafragmas, la optimizaci\u00f3n ac\u00fastica y la estructura de circuitos magn\u00e9ticos.<\/p><p>Ya sea en el dise\u00f1o y desarrollo del producto o en la optimizaci\u00f3n de la producci\u00f3n, siempre estamos mejorando la configuraci\u00f3n existente para aportar siempre algo excepcional. Con la ayuda de la simulaci\u00f3n, la creaci\u00f3n de prototipos y las pruebas sobre el terreno, todo sintoniza entre s\u00ed, se perfecciona el rendimiento de los conductores y se acortan los ciclos de desarrollo. El resultado de todos estos esfuerzos es una cartera de productos que siempre se adapta y evoluciona en funci\u00f3n de las exigencias de la ingenier\u00eda de audio moderna, desde recintos compactos hasta sistemas de alta presi\u00f3n sonora.<\/p><p>Nuestra experiencia va m\u00e1s all\u00e1 de los modelos est\u00e1ndar, ya que el equipo colabora estrechamente con socios fabricantes de equipos originales para desarrollar soluciones personalizadas de transductores de HF y LF. La colaboraci\u00f3n permite al cliente disponer de todas las caracter\u00edsticas personalizadas, ya que nuestro equipo ajusta con precisi\u00f3n todos los elementos, desde las curvas de impedancia hasta la integraci\u00f3n de la red de cruce, en funci\u00f3n de las demandas de los clientes. De este modo, les proporcionamos una firma ac\u00fastica \u00fanica tal y como ellos quer\u00edan.<\/p><h3><strong>Un sonido que se puede medir y un rendimiento en el que se puede confiar<\/strong><\/h3><p>Vivid Acoustics es un equipo en el que innovaci\u00f3n y disciplina van de la mano. Se trata de un equipo que no s\u00f3lo fabrica transductores, sino que tambi\u00e9n dise\u00f1a la precisi\u00f3n en la que pueden confiar los profesionales del sonido. Seguimos estableciendo nuevos puntos de referencia cada d\u00eda con unas instalaciones muy avanzadas, pasi\u00f3n por la excelencia y principios de dise\u00f1o patentados.\u00a0<\/p>\t\t\t\t\t\t\t\t<\/div>\n\t\t\t\t<\/div>\n\t\t\t\t<\/div>\n\t\t\t\t\t<\/div>\n\t\t\t\t<\/div>\n\t\t\t\t<\/div>","protected":false},"excerpt":{"rendered":"<p>About Us Precision in every decibel, performance in every design At Vivid Acoustics, sound always begins with precision. Based in Dongguan, China, we specialize in the research, design, and manufacture of high-frequency (HF) and low-frequency (LF) drivers for professional systems. These products are forming the very foundation of a reliable and high-fidelity sound reproduction to<\/p>\n<div class=\"klb-readmore post-buttons\"><a class=\"btn btn-black btn-rounded\" href=\"https:\/\/va-acoustics.com\/es\/acerca-de-nosotros\/\">Leer m\u00e1s <i class=\"klbth-icon-right-arrow\"><\/i><\/a><\/div>","protected":false},"author":1,"featured_media":0,"parent":0,"menu_order":0,"comment_status":"closed","ping_status":"closed","template":"","meta":{"_acf_changed":false,"footnotes":""},"class_list":["post-1351","page","type-page","status-publish","hentry"],"acf":[],"_links":{"self":[{"href":"https:\/\/va-acoustics.com\/es\/wp-json\/wp\/v2\/pages\/1351","targetHints":{"allow":["GET"]}}],"collection":[{"href":"https:\/\/va-acoustics.com\/es\/wp-json\/wp\/v2\/pages"}],"about":[{"href":"https:\/\/va-acoustics.com\/es\/wp-json\/wp\/v2\/types\/page"}],"author":[{"embeddable":true,"href":"https:\/\/va-acoustics.com\/es\/wp-json\/wp\/v2\/users\/1"}],"replies":[{"embeddable":true,"href":"https:\/\/va-acoustics.com\/es\/wp-json\/wp\/v2\/comments?post=1351"}],"version-history":[{"count":57,"href":"https:\/\/va-acoustics.com\/es\/wp-json\/wp\/v2\/pages\/1351\/revisions"}],"predecessor-version":[{"id":2857,"href":"https:\/\/va-acoustics.com\/es\/wp-json\/wp\/v2\/pages\/1351\/revisions\/2857"}],"wp:attachment":[{"href":"https:\/\/va-acoustics.com\/es\/wp-json\/wp\/v2\/media?parent=1351"}],"curies":[{"name":"wp","href":"https:\/\/api.w.org\/{rel}","templated":true}]}}